{"id":168,"date":"2015-05-12T11:04:24","date_gmt":"2015-05-12T16:04:24","guid":{"rendered":"https:\/\/www.riad-irene.com\/?post_type=accommodation&#038;p=168"},"modified":"2021-08-30T21:59:17","modified_gmt":"2021-08-30T19:59:17","slug":"ouarzazate","status":"publish","type":"page","link":"https:\/\/www.riad-irene.com\/?page_id=168","title":{"rendered":"Ouarzazate"},"content":{"rendered":"<h1 style=\"text-align: center;\">Chambre Ouarzazate<\/h1>\n<p>Situ\u00e9e au rez-de-chauss\u00e9e, donnant sur le patio, cette mini-suite de 22 m\u00b2 comporte :<\/p>\n<ul>\n<li class=\"li1\">Un grand lit en 160 pour 2 personnes (literie de marque) avec couvre-lit de tapissier blanc cass\u00e9<\/li>\n<li class=\"li1\">Un lit m\u00e9ridienne en fer forg\u00e9 pour une personne<\/li>\n<li class=\"li1\">Murs blancs, rideaux, baldaquin<\/li>\n<li class=\"li1\">2 confortables fauteuils \u00ab crapaud \u00bb blanc cass\u00e9<\/li>\n<li class=\"li1\">El\u00e9ments de d\u00e9coration <b>jaune safran<\/b> : rideaux, coussins et jet\u00e9 de lit en sabra , lampes<\/li>\n<li class=\"li1\">Sol en dess et bejmat, tapis<\/li>\n<\/ul>\n<p>Salle de bains : grande douche et murs en tadelakt jaune safran, sol en bejmat, lavabo en cuivre ainsi que lampes et glaces.<\/p>\n<p style=\"display: block; float: right;\"><a class=\"button4\" style=\"background: #e26143; color: #fff; border: none;\" href=\"https:\/\/www.espace-maroc.com\/module-clients-deporter.php?mini_id=695&amp;l_id=1\">Disponibilit\u00e9<\/a><\/p>\n<p>&nbsp;<\/p>\n<hr \/>\n\n\t\t<style type=\"text\/css\">\n\t\t\t#gallery-1 {\n\t\t\t\tmargin: auto;\n\t\t\t}\n\t\t\t#gallery-1 .gallery-item {\n\t\t\t\tfloat: left;\n\t\t\t\tmargin-top: 10px;\n\t\t\t\ttext-align: center;\n\t\t\t\twidth: 50%;\n\t\t\t}\n\t\t\t#gallery-1 img {\n\t\t\t\tborder: 2px solid #cfcfcf;\n\t\t\t}\n\t\t\t#gallery-1 .gallery-caption {\n\t\t\t\tmargin-left: 0;\n\t\t\t}\n\t\t\t\/* see gallery_shortcode() in wp-includes\/media.php *\/\n\t\t<\/style>\n\t\t<div id='gallery-1' class='gallery galleryid-168 gallery-columns-2 gallery-size-large'><dl class='gallery-item'>\n\t\t\t<dt class='gallery-icon landscape'>\n\t\t\t\t<a href='https:\/\/www.riad-irene.com\/?attachment_id=920'><img loading=\"lazy\" decoding=\"async\" width=\"640\" height=\"480\" src=\"https:\/\/www.riad-irene.com\/wp-content\/uploads\/2021\/08\/ch-Ouarzazate-1-DSCN6361-1024x768.jpg\" class=\"attachment-large size-large\" alt=\"\" \/><\/a>\n\t\t\t<\/dt><\/dl><dl class='gallery-item'>\n\t\t\t<dt class='gallery-icon portrait'>\n\t\t\t\t<a href='https:\/\/www.riad-irene.com\/?attachment_id=921'><img loading=\"lazy\" decoding=\"async\" width=\"640\" height=\"853\" src=\"https:\/\/www.riad-irene.com\/wp-content\/uploads\/2021\/08\/ch-Ouarzazate-2-DSCN6362-768x1024.jpg\" class=\"attachment-large size-large\" alt=\"\" \/><\/a>\n\t\t\t<\/dt><\/dl><br style=\"clear: both\" \/><dl class='gallery-item'>\n\t\t\t<dt class='gallery-icon landscape'>\n\t\t\t\t<a href='https:\/\/www.riad-irene.com\/?attachment_id=918'><img loading=\"lazy\" decoding=\"async\" width=\"640\" height=\"480\" src=\"https:\/\/www.riad-irene.com\/wp-content\/uploads\/2021\/08\/ch-Ouarzazate-4-DSCN6366-1024x768.jpg\" class=\"attachment-large size-large\" alt=\"\" \/><\/a>\n\t\t\t<\/dt><\/dl><dl class='gallery-item'>\n\t\t\t<dt class='gallery-icon portrait'>\n\t\t\t\t<a href='https:\/\/www.riad-irene.com\/?attachment_id=919'><img loading=\"lazy\" decoding=\"async\" width=\"640\" height=\"853\" src=\"https:\/\/www.riad-irene.com\/wp-content\/uploads\/2021\/08\/ch-Ouarzazate-3-DSCN6363-768x1024.jpg\" class=\"attachment-large size-large\" alt=\"\" \/><\/a>\n\t\t\t<\/dt><\/dl><br style=\"clear: both\" \/><dl class='gallery-item'>\n\t\t\t<dt class='gallery-icon portrait'>\n\t\t\t\t<a href='https:\/\/www.riad-irene.com\/?attachment_id=922'><img loading=\"lazy\" decoding=\"async\" width=\"640\" height=\"853\" src=\"https:\/\/www.riad-irene.com\/wp-content\/uploads\/2021\/08\/ch-Ouarzazate-7-SdB-2-IMG_3187-768x1024.jpg\" class=\"attachment-large size-large\" alt=\"\" \/><\/a>\n\t\t\t<\/dt><\/dl><dl class='gallery-item'>\n\t\t\t<dt class='gallery-icon portrait'>\n\t\t\t\t<a href='https:\/\/www.riad-irene.com\/?attachment_id=923'><img loading=\"lazy\" decoding=\"async\" width=\"640\" height=\"853\" src=\"https:\/\/www.riad-irene.com\/wp-content\/uploads\/2021\/08\/ch-Ouarzazate-6-SdB-1-IMG_3188-768x1024.jpg\" class=\"attachment-large size-large\" alt=\"\" \/><\/a>\n\t\t\t<\/dt><\/dl><br style=\"clear: both\" \/>\n\t\t<\/div>\n\n","protected":false},"excerpt":{"rendered":"<p>Chambre Ouarzazate Situ\u00e9e au rez-de-chauss\u00e9e, donnant sur le patio, cette mini-suite de 22 m\u00b2 comporte : Un grand lit en 160 pour 2 personnes (literie de marque) avec couvre-lit de tapissier blanc cass\u00e9 Un lit m\u00e9ridienne en fer forg\u00e9 pour une personne Murs blancs, rideaux, baldaquin 2 confortables fauteuils \u00ab crapaud \u00bb blanc cass\u00e9 El\u00e9ments [&hellip;]<\/p>\n","protected":false},"author":1,"featured_media":169,"parent":75,"menu_order":0,"comment_status":"closed","ping_status":"closed","template":"","meta":{"_regular_price":[],"currency_symbol":[],"footnotes":""},"class_list":["post-168","page","type-page","status-publish","has-post-thumbnail","hentry"],"post_slider_layout_featured_media_urls":{"thumbnail":["https:\/\/www.riad-irene.com\/wp-content\/uploads\/2015\/05\/11-1-150x150.jpg",150,150,true],"post_slider_layout_landscape_large":["https:\/\/www.riad-irene.com\/wp-content\/uploads\/2015\/05\/11-1.jpg",800,600,false],"post_slider_layout_portrait_large":["https:\/\/www.riad-irene.com\/wp-content\/uploads\/2015\/05\/11-1.jpg",800,600,false],"post_slider_layout_square_large":["https:\/\/www.riad-irene.com\/wp-content\/uploads\/2015\/05\/11-1.jpg",800,600,false],"post_slider_layout_landscape":["https:\/\/www.riad-irene.com\/wp-content\/uploads\/2015\/05\/11-1-600x400.jpg",600,400,true],"post_slider_layout_portrait":["https:\/\/www.riad-irene.com\/wp-content\/uploads\/2015\/05\/11-1-600x600.jpg",600,600,true],"post_slider_layout_square":["https:\/\/www.riad-irene.com\/wp-content\/uploads\/2015\/05\/11-1-600x600.jpg",600,600,true],"full":["https:\/\/www.riad-irene.com\/wp-content\/uploads\/2015\/05\/11-1.jpg",800,600,false]},"rttpg_featured_image_url":{"full":["https:\/\/www.riad-irene.com\/wp-content\/uploads\/2015\/05\/11-1.jpg",800,600,false],"landscape":["https:\/\/www.riad-irene.com\/wp-content\/uploads\/2015\/05\/11-1.jpg",800,600,false],"portraits":["https:\/\/www.riad-irene.com\/wp-content\/uploads\/2015\/05\/11-1.jpg",800,600,false],"thumbnail":["https:\/\/www.riad-irene.com\/wp-content\/uploads\/2015\/05\/11-1-150x150.jpg",150,150,true],"medium":["https:\/\/www.riad-irene.com\/wp-content\/uploads\/2015\/05\/11-1-300x225.jpg",300,225,true],"large":["https:\/\/www.riad-irene.com\/wp-content\/uploads\/2015\/05\/11-1.jpg",640,480,false],"post-thumbnail":["https:\/\/www.riad-irene.com\/wp-content\/uploads\/2015\/05\/11-1-432x324.jpg",432,324,true],"1536x1536":["https:\/\/www.riad-irene.com\/wp-content\/uploads\/2015\/05\/11-1.jpg",800,600,false],"2048x2048":["https:\/\/www.riad-irene.com\/wp-content\/uploads\/2015\/05\/11-1.jpg",800,600,false],"post_slider_layout_landscape_large":["https:\/\/www.riad-irene.com\/wp-content\/uploads\/2015\/05\/11-1.jpg",800,600,false],"post_slider_layout_portrait_large":["https:\/\/www.riad-irene.com\/wp-content\/uploads\/2015\/05\/11-1.jpg",800,600,false],"post_slider_layout_square_large":["https:\/\/www.riad-irene.com\/wp-content\/uploads\/2015\/05\/11-1.jpg",800,600,false],"post_slider_layout_landscape":["https:\/\/www.riad-irene.com\/wp-content\/uploads\/2015\/05\/11-1-600x400.jpg",600,400,true],"post_slider_layout_portrait":["https:\/\/www.riad-irene.com\/wp-content\/uploads\/2015\/05\/11-1-600x600.jpg",600,600,true],"post_slider_layout_square":["https:\/\/www.riad-irene.com\/wp-content\/uploads\/2015\/05\/11-1-600x600.jpg",600,600,true],"vw-hotel-homepage-thumb":["https:\/\/www.riad-irene.com\/wp-content\/uploads\/2015\/05\/11-1-240x145.jpg",240,145,true]},"rttpg_author":{"display_name":"mohamed","author_link":"https:\/\/www.riad-irene.com\/?author=1"},"rttpg_comment":0,"rttpg_category":" <a href=\"https:\/\/www.riad-irene.com\/\" rel=\"tag\">Fran\u00e7ais<\/a>","rttpg_excerpt":"Chambre Ouarzazate Situ\u00e9e au rez-de-chauss\u00e9e, donnant sur le patio, cette mini-suite de 22 m\u00b2 comporte : Un grand lit en 160 pour 2 personnes (literie de marque) avec couvre-lit de tapissier blanc cass\u00e9 Un lit m\u00e9ridienne en fer forg\u00e9 pour une personne Murs blancs, rideaux, baldaquin 2 confortables fauteuils \u00ab crapaud \u00bb blanc cass\u00e9 El\u00e9ments\u2026","_links":{"self":[{"href":"https:\/\/www.riad-irene.com\/index.php?rest_route=\/wp\/v2\/pages\/168","targetHints":{"allow":["GET"]}}],"collection":[{"href":"https:\/\/www.riad-irene.com\/index.php?rest_route=\/wp\/v2\/pages"}],"about":[{"href":"https:\/\/www.riad-irene.com\/index.php?rest_route=\/wp\/v2\/types\/page"}],"author":[{"embeddable":true,"href":"https:\/\/www.riad-irene.com\/index.php?rest_route=\/wp\/v2\/users\/1"}],"replies":[{"embeddable":true,"href":"https:\/\/www.riad-irene.com\/index.php?rest_route=%2Fwp%2Fv2%2Fcomments&post=168"}],"version-history":[{"count":5,"href":"https:\/\/www.riad-irene.com\/index.php?rest_route=\/wp\/v2\/pages\/168\/revisions"}],"predecessor-version":[{"id":924,"href":"https:\/\/www.riad-irene.com\/index.php?rest_route=\/wp\/v2\/pages\/168\/revisions\/924"}],"up":[{"embeddable":true,"href":"https:\/\/www.riad-irene.com\/index.php?rest_route=\/wp\/v2\/pages\/75"}],"wp:featuredmedia":[{"embeddable":true,"href":"https:\/\/www.riad-irene.com\/index.php?rest_route=\/wp\/v2\/media\/169"}],"wp:attachment":[{"href":"https:\/\/www.riad-irene.com\/index.php?rest_route=%2Fwp%2Fv2%2Fmedia&parent=168"}],"curies":[{"name":"wp","href":"https:\/\/api.w.org\/{rel}","templated":true}]}}