{"id":172,"date":"2015-05-12T10:54:54","date_gmt":"2015-05-12T09:54:54","guid":{"rendered":"https:\/\/www.riad-irene.com\/?post_type=accommodation&#038;p=172"},"modified":"2021-08-30T21:55:42","modified_gmt":"2021-08-30T19:55:42","slug":"zagora","status":"publish","type":"page","link":"https:\/\/www.riad-irene.com\/?page_id=172","title":{"rendered":"Zagora"},"content":{"rendered":"<h1 style=\"text-align: center;\">Chambre Zagora<\/h1>\n<p>Situ\u00e9e au 1er \u00e9tage, donnant sur le patio, cette chambre sup\u00e9rieure de 19 m\u00b2 comporte\u00a0:<\/p>\n<ul>\n<li class=\"li1\">Un grand lit en 160 pour 2 personnes (literie de marque)<\/li>\n<li class=\"li1\">Murs blancs, rideaux, couvre-lit et 2\u00a0 confortables fauteuils \u00ab\u00a0crapaud\u00a0\u00bb blanc cass\u00e9.<\/li>\n<li class=\"li1\">El\u00e9ments de d\u00e9coration <b>rose prune<\/b> : coussins, jet\u00e9 de lit organdi<\/li>\n<li class=\"li1\">Lampes en maillechort<\/li>\n<li class=\"li1\">Tables de nuit en c\u00e8dre et une table peinte<\/li>\n<li class=\"li1\">2 niches d\u00e9cor\u00e9es de tableaux<\/li>\n<li class=\"li1\">Sol en dess et bejmat, tapis.<\/li>\n<\/ul>\n<p>Salle de bains : douche et murs en tadelakt, sol en bejmat, lavabo en cuivre ainsi que les lampes et les glaces. Ton beige ros\u00e9.<\/p>\n<p style=\"display: block; float: right;\"><a class=\"button4\" style=\"background: #e26143; color: #fff; border: none;\" href=\"https:\/\/www.espace-maroc.com\/module-clients-deporter.php?mini_id=695&amp;l_id=1\">Disponibilit\u00e9<\/a><\/p>\n<p>&nbsp;<\/p>\n<p>&nbsp;<\/p>\n<p>&nbsp;<\/p>\n\n\t\t<style type=\"text\/css\">\n\t\t\t#gallery-1 {\n\t\t\t\tmargin: auto;\n\t\t\t}\n\t\t\t#gallery-1 .gallery-item {\n\t\t\t\tfloat: left;\n\t\t\t\tmargin-top: 10px;\n\t\t\t\ttext-align: center;\n\t\t\t\twidth: 50%;\n\t\t\t}\n\t\t\t#gallery-1 img {\n\t\t\t\tborder: 2px solid #cfcfcf;\n\t\t\t}\n\t\t\t#gallery-1 .gallery-caption {\n\t\t\t\tmargin-left: 0;\n\t\t\t}\n\t\t\t\/* see gallery_shortcode() in wp-includes\/media.php *\/\n\t\t<\/style>\n\t\t<div id='gallery-1' class='gallery galleryid-172 gallery-columns-2 gallery-size-large'><dl class='gallery-item'>\n\t\t\t<dt class='gallery-icon portrait'>\n\t\t\t\t<a href='https:\/\/www.riad-irene.com\/?attachment_id=909'><img loading=\"lazy\" decoding=\"async\" width=\"640\" height=\"853\" src=\"https:\/\/www.riad-irene.com\/wp-content\/uploads\/2021\/08\/ch-Zagora-1-mai-07-3182-768x1024.jpg\" class=\"attachment-large size-large\" alt=\"\" \/><\/a>\n\t\t\t<\/dt><\/dl><dl class='gallery-item'>\n\t\t\t<dt class='gallery-icon landscape'>\n\t\t\t\t<a href='https:\/\/www.riad-irene.com\/?attachment_id=907'><img loading=\"lazy\" decoding=\"async\" width=\"640\" height=\"480\" src=\"https:\/\/www.riad-irene.com\/wp-content\/uploads\/2021\/08\/ch-Zagora-3-IMG_0749-1024x768.jpg\" class=\"attachment-large size-large\" alt=\"\" \/><\/a>\n\t\t\t<\/dt><\/dl><br style=\"clear: both\" \/><dl class='gallery-item'>\n\t\t\t<dt class='gallery-icon landscape'>\n\t\t\t\t<a href='https:\/\/www.riad-irene.com\/?attachment_id=910'><img loading=\"lazy\" decoding=\"async\" width=\"640\" height=\"480\" src=\"https:\/\/www.riad-irene.com\/wp-content\/uploads\/2021\/08\/ch-Zagora-2-mai-07-3179-1024x768.jpg\" class=\"attachment-large size-large\" alt=\"\" \/><\/a>\n\t\t\t<\/dt><\/dl><dl class='gallery-item'>\n\t\t\t<dt class='gallery-icon landscape'>\n\t\t\t\t<a href='https:\/\/www.riad-irene.com\/?attachment_id=908'><img loading=\"lazy\" decoding=\"async\" width=\"640\" height=\"480\" src=\"https:\/\/www.riad-irene.com\/wp-content\/uploads\/2021\/08\/ch-Zagora-4-2015-04-028-1024x768.jpg\" class=\"attachment-large size-large\" alt=\"\" \/><\/a>\n\t\t\t<\/dt><\/dl><br style=\"clear: both\" \/><dl class='gallery-item'>\n\t\t\t<dt class='gallery-icon portrait'>\n\t\t\t\t<a href='https:\/\/www.riad-irene.com\/?attachment_id=916'><img loading=\"lazy\" decoding=\"async\" width=\"640\" height=\"853\" src=\"https:\/\/www.riad-irene.com\/wp-content\/uploads\/2021\/08\/ch-Zagora-5-DSCN6868-768x1024.jpg\" class=\"attachment-large size-large\" alt=\"\" \/><\/a>\n\t\t\t<\/dt><\/dl><dl class='gallery-item'>\n\t\t\t<dt class='gallery-icon portrait'>\n\t\t\t\t<a href='https:\/\/www.riad-irene.com\/?attachment_id=914'><img loading=\"lazy\" decoding=\"async\" width=\"640\" height=\"853\" src=\"https:\/\/www.riad-irene.com\/wp-content\/uploads\/2021\/08\/ch-Zagora-6-SdB-1-IMG_1606-768x1024.jpg\" class=\"attachment-large size-large\" alt=\"\" \/><\/a>\n\t\t\t<\/dt><\/dl><br style=\"clear: both\" \/><dl class='gallery-item'>\n\t\t\t<dt class='gallery-icon portrait'>\n\t\t\t\t<a href='https:\/\/www.riad-irene.com\/?attachment_id=915'><img loading=\"lazy\" decoding=\"async\" width=\"640\" height=\"853\" src=\"https:\/\/www.riad-irene.com\/wp-content\/uploads\/2021\/08\/ch-Zagora-7-SdB-2-IMG_1609-768x1024.jpg\" class=\"attachment-large size-large\" alt=\"\" \/><\/a>\n\t\t\t<\/dt><\/dl>\n\t\t\t<br style='clear: both' \/>\n\t\t<\/div>\n\n","protected":false},"excerpt":{"rendered":"<p>Chambre Zagora Situ\u00e9e au 1er \u00e9tage, donnant sur le patio, cette chambre sup\u00e9rieure de 19 m\u00b2 comporte\u00a0: Un grand lit en 160 pour 2 personnes (literie de marque) Murs blancs, rideaux, couvre-lit et 2\u00a0 confortables fauteuils \u00ab\u00a0crapaud\u00a0\u00bb blanc cass\u00e9. El\u00e9ments de d\u00e9coration rose prune : coussins, jet\u00e9 de lit organdi Lampes en maillechort Tables de [&hellip;]<\/p>\n","protected":false},"author":1,"featured_media":912,"parent":75,"menu_order":0,"comment_status":"closed","ping_status":"closed","template":"","meta":{"_regular_price":[],"currency_symbol":[],"footnotes":""},"class_list":["post-172","page","type-page","status-publish","has-post-thumbnail","hentry"],"post_slider_layout_featured_media_urls":{"thumbnail":["https:\/\/www.riad-irene.com\/wp-content\/uploads\/2021\/08\/ch-Zagora-1-mai-07-3182-1-150x150.jpg",150,150,true],"post_slider_layout_landscape_large":["https:\/\/www.riad-irene.com\/wp-content\/uploads\/2021\/08\/ch-Zagora-1-mai-07-3182-1-1200x800.jpg",1200,800,true],"post_slider_layout_portrait_large":["https:\/\/www.riad-irene.com\/wp-content\/uploads\/2021\/08\/ch-Zagora-1-mai-07-3182-1.jpg",1200,1600,false],"post_slider_layout_square_large":["https:\/\/www.riad-irene.com\/wp-content\/uploads\/2021\/08\/ch-Zagora-1-mai-07-3182-1-1200x1200.jpg",1200,1200,true],"post_slider_layout_landscape":["https:\/\/www.riad-irene.com\/wp-content\/uploads\/2021\/08\/ch-Zagora-1-mai-07-3182-1-600x400.jpg",600,400,true],"post_slider_layout_portrait":["https:\/\/www.riad-irene.com\/wp-content\/uploads\/2021\/08\/ch-Zagora-1-mai-07-3182-1-600x900.jpg",600,900,true],"post_slider_layout_square":["https:\/\/www.riad-irene.com\/wp-content\/uploads\/2021\/08\/ch-Zagora-1-mai-07-3182-1-600x600.jpg",600,600,true],"full":["https:\/\/www.riad-irene.com\/wp-content\/uploads\/2021\/08\/ch-Zagora-1-mai-07-3182-1.jpg",1200,1600,false]},"rttpg_featured_image_url":{"full":["https:\/\/www.riad-irene.com\/wp-content\/uploads\/2021\/08\/ch-Zagora-1-mai-07-3182-1.jpg",1200,1600,false],"landscape":["https:\/\/www.riad-irene.com\/wp-content\/uploads\/2021\/08\/ch-Zagora-1-mai-07-3182-1.jpg",1200,1600,false],"portraits":["https:\/\/www.riad-irene.com\/wp-content\/uploads\/2021\/08\/ch-Zagora-1-mai-07-3182-1.jpg",1200,1600,false],"thumbnail":["https:\/\/www.riad-irene.com\/wp-content\/uploads\/2021\/08\/ch-Zagora-1-mai-07-3182-1-150x150.jpg",150,150,true],"medium":["https:\/\/www.riad-irene.com\/wp-content\/uploads\/2021\/08\/ch-Zagora-1-mai-07-3182-1-225x300.jpg",225,300,true],"large":["https:\/\/www.riad-irene.com\/wp-content\/uploads\/2021\/08\/ch-Zagora-1-mai-07-3182-1-768x1024.jpg",640,853,true],"post-thumbnail":["https:\/\/www.riad-irene.com\/wp-content\/uploads\/2021\/08\/ch-Zagora-1-mai-07-3182-1-243x324.jpg",243,324,true],"1536x1536":["https:\/\/www.riad-irene.com\/wp-content\/uploads\/2021\/08\/ch-Zagora-1-mai-07-3182-1-1152x1536.jpg",1152,1536,true],"2048x2048":["https:\/\/www.riad-irene.com\/wp-content\/uploads\/2021\/08\/ch-Zagora-1-mai-07-3182-1.jpg",1200,1600,false],"post_slider_layout_landscape_large":["https:\/\/www.riad-irene.com\/wp-content\/uploads\/2021\/08\/ch-Zagora-1-mai-07-3182-1-1200x800.jpg",1200,800,true],"post_slider_layout_portrait_large":["https:\/\/www.riad-irene.com\/wp-content\/uploads\/2021\/08\/ch-Zagora-1-mai-07-3182-1.jpg",1200,1600,false],"post_slider_layout_square_large":["https:\/\/www.riad-irene.com\/wp-content\/uploads\/2021\/08\/ch-Zagora-1-mai-07-3182-1-1200x1200.jpg",1200,1200,true],"post_slider_layout_landscape":["https:\/\/www.riad-irene.com\/wp-content\/uploads\/2021\/08\/ch-Zagora-1-mai-07-3182-1-600x400.jpg",600,400,true],"post_slider_layout_portrait":["https:\/\/www.riad-irene.com\/wp-content\/uploads\/2021\/08\/ch-Zagora-1-mai-07-3182-1-600x900.jpg",600,900,true],"post_slider_layout_square":["https:\/\/www.riad-irene.com\/wp-content\/uploads\/2021\/08\/ch-Zagora-1-mai-07-3182-1-600x600.jpg",600,600,true],"vw-hotel-homepage-thumb":["https:\/\/www.riad-irene.com\/wp-content\/uploads\/2021\/08\/ch-Zagora-1-mai-07-3182-1-240x145.jpg",240,145,true]},"rttpg_author":{"display_name":"mohamed","author_link":"https:\/\/www.riad-irene.com\/?author=1"},"rttpg_comment":0,"rttpg_category":" <a href=\"https:\/\/www.riad-irene.com\/\" rel=\"tag\">Fran\u00e7ais<\/a>","rttpg_excerpt":"Chambre Zagora Situ\u00e9e au 1er \u00e9tage, donnant sur le patio, cette chambre sup\u00e9rieure de 19 m\u00b2 comporte\u00a0: Un grand lit en 160 pour 2 personnes (literie de marque) Murs blancs, rideaux, couvre-lit et 2\u00a0 confortables fauteuils \u00ab\u00a0crapaud\u00a0\u00bb blanc cass\u00e9. El\u00e9ments de d\u00e9coration rose prune : coussins, jet\u00e9 de lit organdi Lampes en maillechort Tables de\u2026","_links":{"self":[{"href":"https:\/\/www.riad-irene.com\/index.php?rest_route=\/wp\/v2\/pages\/172","targetHints":{"allow":["GET"]}}],"collection":[{"href":"https:\/\/www.riad-irene.com\/index.php?rest_route=\/wp\/v2\/pages"}],"about":[{"href":"https:\/\/www.riad-irene.com\/index.php?rest_route=\/wp\/v2\/types\/page"}],"author":[{"embeddable":true,"href":"https:\/\/www.riad-irene.com\/index.php?rest_route=\/wp\/v2\/users\/1"}],"replies":[{"embeddable":true,"href":"https:\/\/www.riad-irene.com\/index.php?rest_route=%2Fwp%2Fv2%2Fcomments&post=172"}],"version-history":[{"count":11,"href":"https:\/\/www.riad-irene.com\/index.php?rest_route=\/wp\/v2\/pages\/172\/revisions"}],"predecessor-version":[{"id":917,"href":"https:\/\/www.riad-irene.com\/index.php?rest_route=\/wp\/v2\/pages\/172\/revisions\/917"}],"up":[{"embeddable":true,"href":"https:\/\/www.riad-irene.com\/index.php?rest_route=\/wp\/v2\/pages\/75"}],"wp:featuredmedia":[{"embeddable":true,"href":"https:\/\/www.riad-irene.com\/index.php?rest_route=\/wp\/v2\/media\/912"}],"wp:attachment":[{"href":"https:\/\/www.riad-irene.com\/index.php?rest_route=%2Fwp%2Fv2%2Fmedia&parent=172"}],"curies":[{"name":"wp","href":"https:\/\/api.w.org\/{rel}","templated":true}]}}