{"id":75,"date":"2015-05-12T15:49:07","date_gmt":"2015-05-08T10:18:14","guid":{"rendered":"https:\/\/www.riad-irene.com\/?page_id=75"},"modified":"2021-06-10T16:35:48","modified_gmt":"2021-06-10T14:35:48","slug":"chambres","status":"publish","type":"page","link":"https:\/\/www.riad-irene.com\/?page_id=75","title":{"rendered":"Chambres"},"content":{"rendered":"<p>Chaque chambre est d\u00e9cor\u00e9e avec soin. Dans un style \u00e9pur\u00e9 o\u00f9 le blanc domine, chacune a sa couleur propre pour les \u00e9l\u00e9ments de d\u00e9coration : violet pour la chambre Essaouira, jaune safran pour la chambre Ouarzazate, rose prune pour la chambre Zagora, rouge pour la chambre Marrakech et rose orang\u00e9 pour la chambre Tan-Tan.<\/p>\n<p>Choisissez celle qui vous convient.<\/p>\n<ul>\n<li><b>Toutes les chambres sont climatis\u00e9es.<\/b><\/li>\n<li><b>Toutes les salles de bains ont des toilettes.<\/b><\/li>\n<li><b>S\u00e8che-cheveux dans chaque chambre.<\/b><\/li>\n<li><b>Set shampooing, gel douche et lait corporel dans chaque salle de bains.<\/b><\/li>\n<\/ul>\n<p>&nbsp;<\/p>\n<style type='text\/css' media='all'>#rt-tpg-container-3805933214 .rt-holder .rt-woo-info .price{color:#f1b64a;}body .rt-tpg-container .rt-tpg-isotope-buttons .selected,\r\n\t\t\t\t\t#rt-tpg-container-3805933214 .layout12 .rt-holder:hover .rt-detail,\r\n\t\t\t\t\t#rt-tpg-container-3805933214 .isotope8 .rt-holder:hover .rt-detail,\r\n\t\t\t\t\t#rt-tpg-container-3805933214 .carousel8 .rt-holder:hover .rt-detail,\r\n\t\t\t\t\t#rt-tpg-container-3805933214 .layout13 .rt-holder .overlay .post-info,\r\n\t\t\t\t\t#rt-tpg-container-3805933214 .isotope9 .rt-holder .overlay .post-info,\r\n\t\t\t\t\t#rt-tpg-container-3805933214.rt-tpg-container .layout4 .rt-holder .rt-detail,\r\n\t\t\t\t\t.rt-modal-3805933214 .md-content,\r\n\t\t\t\t\t.rt-modal-3805933214 .md-content > .rt-md-content-holder .rt-md-content,\r\n\t\t\t\t\t.rt-popup-wrap-3805933214.rt-popup-wrap .rt-popup-navigation-wrap,\r\n\t\t\t\t\t#rt-tpg-container-3805933214 .carousel9 .rt-holder .overlay .post-info{background-color:#f1b64a;}#rt-tpg-container-3805933214 .layout5 .rt-holder .overlay, #rt-tpg-container-3805933214 .isotope2 .rt-holder .overlay, #rt-tpg-container-3805933214 .carousel2 .rt-holder .overlay,#rt-tpg-container-3805933214 .layout15 .rt-holder h3, #rt-tpg-container-3805933214 .isotope11 .rt-holder h3, #rt-tpg-container-3805933214 .carousel11 .rt-holder h3, #rt-tpg-container-3805933214 .layout16 .rt-holder h3,\r\n\t\t\t\t\t#rt-tpg-container-3805933214 .isotope12 .rt-holder h3, #rt-tpg-container-3805933214 .carousel12 .rt-holder h3 {background-color:rgba(241,182,74,0.8);}#rt-tpg-container-3805933214 .pagination-list li a,\r\n\t\t\t\t\trt-tpg-container-3805933214 .pagination-list li span,\r\n\t\t\t\t\trt-tpg-container-3805933214 .pagination li a,\r\n\t\t\t\t\t#rt-tpg-container-3805933214 .rt-tpg-isotope-buttons button,\r\n\t\t\t\t\t#rt-tpg-container-3805933214 .rt-tpg-utility .rt-tpg-load-more button,\r\n\t\t\t\t\t#rt-tpg-container-3805933214.rt-tpg-container .swiper-navigation .slider-btn,\r\n\t\t\t\t\t#rt-tpg-container-3805933214.rt-tpg-container .swiper-pagination-bullet,\r\n\t\t\t\t\t#rt-tpg-container-3805933214 .wc1 .rt-holder .rt-img-holder .overlay .product-more ul li a,\r\n\t\t\t\t\t#rt-tpg-container-3805933214 .wc2 .rt-detail .rt-wc-add-to-cart,\r\n\t\t\t\t\t#rt-tpg-container-3805933214 .wc3 .rt-detail .rt-wc-add-to-cart,\r\n\t\t\t\t\t#rt-tpg-container-3805933214 .wc4 .rt-detail .rt-wc-add-to-cart,\r\n\t\t\t\t\t#rt-tpg-container-3805933214 .wc-carousel2 .rt-detail .rt-wc-add-to-cart,\r\n\t\t\t\t\t#rt-tpg-container-3805933214 .wc-isotope2 .rt-detail .rt-wc-add-to-cart,\r\n\t\t\t\t\t#rt-tpg-container-3805933214 .rt-layout-filter-container .rt-filter-wrap .rt-filter-item-wrap.rt-filter-dropdown-wrap .rt-filter-dropdown,\r\n\t\t\t\t\t#rt-tpg-container-3805933214 .rt-layout-filter-container .rt-filter-sub-tax.sub-button-group .rt-filter-button-item,\r\n\t\t\t\t\t#rt-tpg-container-3805933214.rt-tpg-container .rt-pagination-wrap .rt-page-numbers .paginationjs .paginationjs-pages ul li>a,\r\n\t\t\t\t\t#rt-tpg-container-3805933214 .rt-filter-item-wrap.rt-filter-button-wrap span.rt-filter-button-item,\r\n\t\t\t\t\t#rt-tpg-container-3805933214.rt-tpg-container .rt-pagination-wrap  .rt-loadmore-btn,\r\n\t\t\t\t\t#rt-tpg-container-3805933214.rt-tpg-container .rt-pagination-wrap .rt-cb-page-prev-next > *,\r\n\t\t\t\t\t#rt-tpg-container-3805933214 .rt-read-more,\r\n\t\t\t\t\t#rt-tooltip-3805933214, #rt-tooltip-3805933214 .rt-tooltip-bottom:after{background-color:#f1b64a;}#rt-tpg-container-3805933214 .rt-filter-item-wrap.rt-filter-button-wrap span.rt-filter-button-item,\r\n\t\t\t\t\t#rt-tpg-container-3805933214 .rt-layout-filter-container .rt-filter-sub-tax.sub-button-group .rt-filter-button-item{border-color:#f1b64a;}#rt-tpg-container-3805933214.rt-tpg-container .layout17 .rt-holder .overlay a.tpg-zoom .fa{color:#f1b64a;}#rt-tpg-container-3805933214 .rt-holder .read-more a {background-color:#f1b64a;padding: 8px 15px;}#rt-tpg-container-3805933214 .pagination-list li a,\r\n\t\t\t\t\t#rt-tpg-container-3805933214 .pagination li a,\r\n\t\t\t\t\t#rt-tpg-container-3805933214 .rt-tpg-isotope-buttons button,\r\n\t\t\t\t\t#rt-tpg-container-3805933214 .rt-holder .read-more a,\r\n\t\t\t\t\t#rt-tpg-container-3805933214 .rt-tpg-utility .rt-tpg-load-more button,\r\n\t\t\t\t\t#rt-tpg-container-3805933214.rt-tpg-container .swiper-navigation .slider-btn,\r\n\t\t\t\t\t#rt-tpg-container-3805933214 .wc1 .rt-holder .rt-img-holder .overlay .product-more ul li a,\r\n\t\t\t\t\t#rt-tpg-container-3805933214 .edd1 .rt-holder .rt-img-holder .overlay .product-more ul li a,\r\n\t\t\t\t\t#rt-tpg-container-3805933214 .wc2 .rt-detail .rt-wc-add-to-cart,\r\n\t\t\t\t\t#rt-tpg-container-3805933214 .wc3 .rt-detail .rt-wc-add-to-cart,\r\n\t\t\t\t\t#rt-tpg-container-3805933214 .edd2 .rt-detail .rt-wc-add-to-cart,\r\n\t\t\t\t\t#rt-tpg-container-3805933214 .wc4 .rt-detail .rt-wc-add-to-cart,\r\n\t\t\t\t\t#rt-tpg-container-3805933214 .edd3 .rt-detail .rt-wc-add-to-cart,\r\n\t\t\t\t\t#rt-tpg-container-3805933214 .wc-carousel2 .rt-detail .rt-wc-add-to-cart,\r\n\t\t\t\t\t#rt-tpg-container-3805933214 .wc-isotope2 .rt-detail .rt-wc-add-to-cart,\r\n\t\t\t\t\t#rt-tpg-container-3805933214 .rt-tpg-utility .rt-tpg-load-more button,\r\n\t\t\t\t\t#rt-tooltip-3805933214,\r\n\t\t\t\t\t#rt-tpg-container-3805933214 .rt-filter-item-wrap.rt-filter-button-wrap span.rt-filter-button-item,\r\n\t\t\t\t\t#rt-tpg-container-3805933214 .rt-layout-filter-container .rt-filter-sub-tax.sub-button-group .rt-filter-button-item,\r\n\t\t\t\t\t#rt-tpg-container-3805933214 .rt-layout-filter-container .rt-filter-wrap .rt-filter-item-wrap.rt-sort-order-action,\r\n\t\t\t\t\t#rt-tpg-container-3805933214 .rt-layout-filter-container .rt-filter-wrap .rt-filter-item-wrap.rt-filter-dropdown-wrap .rt-filter-dropdown .rt-filter-dropdown-item,\r\n\t\t\t\t\t#rt-tpg-container-3805933214.rt-tpg-container .rt-pagination-wrap .rt-page-numbers .paginationjs .paginationjs-pages ul li>a,\r\n\t\t\t\t\t#rt-tpg-container-3805933214.rt-tpg-container .rt-pagination-wrap .rt-cb-page-prev-next > *,\r\n\t\t\t\t\t#rt-tpg-container-3805933214.rt-tpg-container .rt-pagination-wrap  .rt-loadmore-btn,\r\n\t\t\t\t\t#rt-tpg-container-3805933214 .rt-read-more,\r\n\t\t\t\t\t#rt-tooltip-3805933214 .rt-tooltip-bottom:after{color:#212121;}#rt-tpg-container-3805933214 .read-more a{border-radius:px;}#rt-tpg-container-3805933214 .rt-img-holder img.rt-img-responsive,#rt-tpg-container-3805933214 .rt-img-holder,\r\n\t\t\t\t\t#rt-tpg-container-3805933214 .rt-post-overlay .post-img,\r\n\t\t\t\t\t#rt-tpg-container-3805933214 .post-sm .post-img,\r\n\t\t\t\t\t#rt-tpg-container-3805933214 .rt-post-grid .post-img,\r\n\t\t\t\t\t#rt-tpg-container-3805933214 .post-img img {border-radius:px;}#rt-tpg-container-3805933214 .layout1 .rt-holder h2.entry-title,\r\n\t\t\t\t\t#rt-tpg-container-3805933214 .layout1 .rt-holder h3.entry-title,\r\n\t\t\t\t\t#rt-tpg-container-3805933214 .layout1 .rt-holder h4.entry-title,\r\n\t\t\t\t\t#rt-tpg-container-3805933214 .layout1 .rt-holder h2.entry-title a,\r\n\t\t\t\t\t#rt-tpg-container-3805933214 .layout1 .rt-holder h3.entry-title a,\r\n\t\t\t\t\t#rt-tpg-container-3805933214 .layout1 .rt-holder h4.entry-title a,\r\n\t\t\t\t\t#rt-tpg-container-3805933214 .rt-holder .rt-woo-info h2 a,\r\n\t\t\t\t\t#rt-tpg-container-3805933214 .rt-holder .rt-woo-info h3 a,\r\n\t\t\t\t\t#rt-tpg-container-3805933214 .rt-holder .rt-woo-info h4 a,\r\n\t\t\t\t\t#rt-tpg-container-3805933214 .post-content .post-title,\r\n\t\t\t\t\t#rt-tpg-container-3805933214 .rt-post-grid .post-title,\r\n\t\t\t\t\t#rt-tpg-container-3805933214 .rt-post-grid .post-title a,\r\n\t\t\t\t\t#rt-tpg-container-3805933214 .post-content .post-title a,\r\n\t\t\t\t\t#rt-tpg-container-3805933214 .rt-holder .rt-woo-info h2,\r\n\t\t\t\t\t#rt-tpg-container-3805933214 .rt-holder .rt-woo-info h3,\r\n\t\t\t\t\t#rt-tpg-container-3805933214 .rt-holder .rt-woo-info h4{color:#212121;}#rt-tpg-container-3805933214 .layout1 .rt-holder h2.entry-title:hover,\r\n\t\t\t\t\t#rt-tpg-container-3805933214 .layout1 .rt-holder h3.entry-title:hover,\r\n\t\t\t\t\t#rt-tpg-container-3805933214 .layout1 .rt-holder h4.entry-title:hover,\r\n\t\t\t\t\t#rt-tpg-container-3805933214 .layout1 .rt-holder h2.entry-title a:hover,\r\n\t\t\t\t\t#rt-tpg-container-3805933214 .layout1 .rt-holder h3.entry-title a:hover,\r\n\t\t\t\t\t#rt-tpg-container-3805933214 .layout1 .rt-holder h4.entry-title a:hover,\r\n\t\t\t\t\t#rt-tpg-container-3805933214 .post-content .post-title a:hover,\r\n\t\t\t\t\t#rt-tpg-container-3805933214 .rt-post-grid .post-title a:hover,\r\n\t\t\t\t\t#rt-tpg-container-3805933214 .rt-holder .rt-woo-info h2 a:hover,\r\n\t\t\t\t\t#rt-tpg-container-3805933214 .rt-holder .rt-woo-info h3 a:hover,\r\n\t\t\t\t\t#rt-tpg-container-3805933214 .rt-holder .rt-woo-info h4 a:hover,\r\n\t\t\t\t\t#rt-tpg-container-3805933214 .rt-holder .rt-woo-info h2:hover,\r\n\t\t\t\t\t#rt-tpg-container-3805933214 .rt-holder .rt-woo-info h3:hover,\r\n\t\t\t\t\t#rt-tpg-container-3805933214 .rt-holder .rt-woo-info h4:hover{color:#212121 !important;}<\/style><div class='rt-container-fluid rt-tpg-container tpg-shortcode-main-wrapper ' id='rt-tpg-container-3805933214'   data-layout='layout1' data-grid-style='even' data-desktop-col='3'  data-tab-col='2'  data-mobile-col='1' data-sc-id='829'><div data-title='Loading ...' class='rt-row rt-content-loader   layout1 tpg-even '><div class=\"rt-col-md-4 rt-col-sm-6 rt-col-xs-12 even-grid-item rt-grid-item\" data-id=\"134\"><div class=\"rt-holder\"><div class=\"rt-img-holder\"><a data-id=\"134\" class=\"\" href=\"https:\/\/www.riad-irene.com\/?page_id=134\"><img loading=\"lazy\" decoding=\"async\" width=\"300\" height=\"225\" src=\"https:\/\/www.riad-irene.com\/wp-content\/uploads\/2015\/05\/1-1-300x225.jpg\" class=\"rt-img-responsive \" alt=\"\" \/><\/a><\/div><div class='rt-detail'><h2 class=\"entry-title\"><a data-id=\"134\" class=\"\" href=\"https:\/\/www.riad-irene.com\/?page_id=134\">Essaouira<\/a><\/h2><div class='tpg-excerpt'>Chambre Essaouira Situ\u00e9e au premier \u00e9tage, donnant sur le patio, cette mini-suite de 22 m\u00b2 comporte Un grand lit en 160 pour 2 personnes (literie de marque) avec couvre-lit de tapissier blanc cass\u00e9 Murs blancs, rideaux, baldaquin en fer forg\u00e9 avec voiles d\u2019organza 2 confortables fauteuils \u00ab crapaud \u00bb blanc cass\u00e9 El\u00e9ments de d\u00e9coration violet...<\/div><div class='post-meta '><span class='read-more'><a data-id='134' class='' href='https:\/\/www.riad-irene.com\/?page_id=134'>Consulter<\/a><\/span><\/div><\/div><\/div><\/div><div class=\"rt-col-md-4 rt-col-sm-6 rt-col-xs-12 even-grid-item rt-grid-item\" data-id=\"168\"><div class=\"rt-holder\"><div class=\"rt-img-holder\"><a data-id=\"168\" class=\"\" href=\"https:\/\/www.riad-irene.com\/?page_id=168\"><img loading=\"lazy\" decoding=\"async\" width=\"300\" height=\"225\" src=\"https:\/\/www.riad-irene.com\/wp-content\/uploads\/2015\/05\/11-1-300x225.jpg\" class=\"rt-img-responsive \" alt=\"\" \/><\/a><\/div><div class='rt-detail'><h2 class=\"entry-title\"><a data-id=\"168\" class=\"\" href=\"https:\/\/www.riad-irene.com\/?page_id=168\">Ouarzazate<\/a><\/h2><div class='tpg-excerpt'>Chambre Ouarzazate Situ\u00e9e au rez-de-chauss\u00e9e, donnant sur le patio, cette mini-suite de 22 m\u00b2 comporte : Un grand lit en 160 pour 2 personnes (literie de marque) avec couvre-lit de tapissier blanc cass\u00e9 Un lit m\u00e9ridienne en fer forg\u00e9 pour une personne Murs blancs, rideaux, baldaquin 2 confortables fauteuils \u00ab crapaud \u00bb blanc cass\u00e9 El\u00e9ments...<\/div><div class='post-meta '><span class='read-more'><a data-id='168' class='' href='https:\/\/www.riad-irene.com\/?page_id=168'>Consulter<\/a><\/span><\/div><\/div><\/div><\/div><div class=\"rt-col-md-4 rt-col-sm-6 rt-col-xs-12 even-grid-item rt-grid-item\" data-id=\"172\"><div class=\"rt-holder\"><div class=\"rt-img-holder\"><a data-id=\"172\" class=\"\" href=\"https:\/\/www.riad-irene.com\/?page_id=172\"><img loading=\"lazy\" decoding=\"async\" width=\"225\" height=\"300\" src=\"https:\/\/www.riad-irene.com\/wp-content\/uploads\/2021\/08\/ch-Zagora-1-mai-07-3182-1-225x300.jpg\" class=\"rt-img-responsive \" alt=\"\" \/><\/a><\/div><div class='rt-detail'><h2 class=\"entry-title\"><a data-id=\"172\" class=\"\" href=\"https:\/\/www.riad-irene.com\/?page_id=172\">Zagora<\/a><\/h2><div class='tpg-excerpt'>Chambre Zagora Situ\u00e9e au 1er \u00e9tage, donnant sur le patio, cette chambre sup\u00e9rieure de 19 m\u00b2 comporte\u00a0: Un grand lit en 160 pour 2 personnes (literie de marque) Murs blancs, rideaux, couvre-lit et 2\u00a0 confortables fauteuils \u00ab\u00a0crapaud\u00a0\u00bb blanc cass\u00e9. El\u00e9ments de d\u00e9coration rose prune : coussins, jet\u00e9 de lit organdi Lampes en maillechort Tables de...<\/div><div class='post-meta '><span class='read-more'><a data-id='172' class='' href='https:\/\/www.riad-irene.com\/?page_id=172'>Consulter<\/a><\/span><\/div><\/div><\/div><\/div><div class=\"rt-col-md-4 rt-col-sm-6 rt-col-xs-12 even-grid-item rt-grid-item\" data-id=\"181\"><div class=\"rt-holder\"><div class=\"rt-img-holder\"><a data-id=\"181\" class=\"\" href=\"https:\/\/www.riad-irene.com\/?page_id=181\"><img loading=\"lazy\" decoding=\"async\" width=\"300\" height=\"225\" src=\"https:\/\/www.riad-irene.com\/wp-content\/uploads\/2021\/06\/2015-04-ch-Marrakech-038-300x225.jpg\" class=\"rt-img-responsive \" alt=\"\" \/><\/a><\/div><div class='rt-detail'><h2 class=\"entry-title\"><a data-id=\"181\" class=\"\" href=\"https:\/\/www.riad-irene.com\/?page_id=181\">Marrakech<\/a><\/h2><div class='tpg-excerpt'>Chambre Marrakech situ\u00e9e au 1er \u00e9tage, donnant sur le derb, cette chambre de 13 m\u00b2 comporte : Un grand lit en 160 pour 2 personnes (literie de marque) Murs blancs, couvre-lit toile blanc cass\u00e9 ; kilim au mur El\u00e9ments de d\u00e9coration : rouge Marrakech : coussins, jet\u00e9 de lit organdi, lampes en tadelakt. Console en...<\/div><div class='post-meta '><span class='read-more'><a data-id='181' class='' href='https:\/\/www.riad-irene.com\/?page_id=181'>Consulter<\/a><\/span><\/div><\/div><\/div><\/div><div class=\"rt-col-md-4 rt-col-sm-6 rt-col-xs-12 even-grid-item rt-grid-item\" data-id=\"188\"><div class=\"rt-holder\"><div class=\"rt-img-holder\"><a data-id=\"188\" class=\"\" href=\"https:\/\/www.riad-irene.com\/?page_id=188\"><img loading=\"lazy\" decoding=\"async\" width=\"300\" height=\"216\" src=\"https:\/\/www.riad-irene.com\/wp-content\/uploads\/2021\/06\/2015-04-ch-TanTan-032-730x526-1-300x216.png\" class=\"rt-img-responsive \" alt=\"\" \/><\/a><\/div><div class='rt-detail'><h2 class=\"entry-title\"><a data-id=\"188\" class=\"\" href=\"https:\/\/www.riad-irene.com\/?page_id=188\">Tan-Tan<\/a><\/h2><div class='tpg-excerpt'>Chambre Tan-Tan Situ\u00e9e au 1er \u00e9tage, donnant sur la galerie du patio, cette chambre de 12 m\u00b2 comporte : Un grand lit en 140 pour 2 personnes (literie de marque) El\u00e9ments de d\u00e9coration : rose orang\u00e9 : coussins et jet\u00e9 de lit en soie sauvage, rideau au mur organdi rose orang\u00e9 Table en c\u00e8dre, table...<\/div><div class='post-meta '><span class='read-more'><a data-id='188' class='' href='https:\/\/www.riad-irene.com\/?page_id=188'>Consulter<\/a><\/span><\/div><\/div><\/div><\/div><\/div><\/div>\n","protected":false},"excerpt":{"rendered":"<p>Chaque chambre est d\u00e9cor\u00e9e avec soin. Dans un style \u00e9pur\u00e9 o\u00f9 le blanc domine, chacune a sa couleur propre pour les \u00e9l\u00e9ments de d\u00e9coration : violet pour la chambre Essaouira, jaune safran pour la chambre Ouarzazate, rose prune pour la chambre Zagora, rouge pour la chambre Marrakech et rose orang\u00e9 pour la chambre Tan-Tan. Choisissez [&hellip;]<\/p>\n","protected":false},"author":1,"featured_media":0,"parent":0,"menu_order":0,"comment_status":"closed","ping_status":"closed","template":"","meta":{"_regular_price":[],"currency_symbol":[],"footnotes":""},"class_list":["post-75","page","type-page","status-publish","hentry"],"post_slider_layout_featured_media_urls":{"thumbnail":"","post_slider_layout_landscape_large":"","post_slider_layout_portrait_large":"","post_slider_layout_square_large":"","post_slider_layout_landscape":"","post_slider_layout_portrait":"","post_slider_layout_square":"","full":""},"rttpg_featured_image_url":null,"rttpg_author":{"display_name":"mohamed","author_link":"https:\/\/www.riad-irene.com\/?author=1"},"rttpg_comment":0,"rttpg_category":" <a href=\"https:\/\/www.riad-irene.com\/\" rel=\"tag\">Fran\u00e7ais<\/a>","rttpg_excerpt":"Chaque chambre est d\u00e9cor\u00e9e avec soin. Dans un style \u00e9pur\u00e9 o\u00f9 le blanc domine, chacune a sa couleur propre pour les \u00e9l\u00e9ments de d\u00e9coration : violet pour la chambre Essaouira, jaune safran pour la chambre Ouarzazate, rose prune pour la chambre Zagora, rouge pour la chambre Marrakech et rose orang\u00e9 pour la chambre Tan-Tan. Choisissez\u2026","_links":{"self":[{"href":"https:\/\/www.riad-irene.com\/index.php?rest_route=\/wp\/v2\/pages\/75","targetHints":{"allow":["GET"]}}],"collection":[{"href":"https:\/\/www.riad-irene.com\/index.php?rest_route=\/wp\/v2\/pages"}],"about":[{"href":"https:\/\/www.riad-irene.com\/index.php?rest_route=\/wp\/v2\/types\/page"}],"author":[{"embeddable":true,"href":"https:\/\/www.riad-irene.com\/index.php?rest_route=\/wp\/v2\/users\/1"}],"replies":[{"embeddable":true,"href":"https:\/\/www.riad-irene.com\/index.php?rest_route=%2Fwp%2Fv2%2Fcomments&post=75"}],"version-history":[{"count":9,"href":"https:\/\/www.riad-irene.com\/index.php?rest_route=\/wp\/v2\/pages\/75\/revisions"}],"predecessor-version":[{"id":833,"href":"https:\/\/www.riad-irene.com\/index.php?rest_route=\/wp\/v2\/pages\/75\/revisions\/833"}],"wp:attachment":[{"href":"https:\/\/www.riad-irene.com\/index.php?rest_route=%2Fwp%2Fv2%2Fmedia&parent=75"}],"curies":[{"name":"wp","href":"https:\/\/api.w.org\/{rel}","templated":true}]}}