{"id":80,"date":"2015-05-12T15:55:19","date_gmt":"2015-05-08T10:40:15","guid":{"rendered":"https:\/\/www.riad-irene.com\/?page_id=80"},"modified":"2024-06-25T15:42:36","modified_gmt":"2024-06-25T13:42:36","slug":"prestations","status":"publish","type":"page","link":"https:\/\/www.riad-irene.com\/?page_id=80","title":{"rendered":"Prestations"},"content":{"rendered":"<p><img loading=\"lazy\" decoding=\"async\" class=\"aligncenter wp-image-1068 size-full\" src=\"https:\/\/www.riad-irene.com\/wp-content\/uploads\/2021\/09\/DSCN6205-Zakia-cuisine-e1632739855323-1.jpg\" alt=\"\" width=\"921\" height=\"532\" \/><\/p>\n<p><strong>Repas\u00a0et bar :<\/strong> Dans la journ\u00e9e, vous pourrez prendre un th\u00e9 \u00e0 la menthe ou prendre un rafra\u00eechissement dans le patio, dans un des salons ou sur la terrasse.<\/p>\n<p>Le soir, quel plaisir de pouvoir d\u00eener aux chandelles, soit sur la grande terrasse illumin\u00e9e, soit dans la salle \u00e0 manger, soit au bord de la fontaine dans le patio (couvert et chauff\u00e9 en hiver). Il suffit de pr\u00e9venir le matin. Le prix est de 200 ou de 230 dirhams (environ 18 ou 21 euros) par personne selon le menu choisi, hors boissons.<\/p>\n<p>La cuisine traditionnelle de Zakia vous fera voyager dans un monde de saveurs diverses et subtiles qui enchanteront vos papilles. Elle pourra m\u00eame vous donner un cours de cuisine\u00a0marocaine\u00a0!<\/p>\n<p><strong>Transfert\u00a0: <\/strong> Nous organisons le transfert depuis l\u2019a\u00e9roport ou la gare afin de vous faciliter votre arriv\u00e9e au riad.<\/p>\n<p><strong>Excursions\u00a0: <\/strong> Nous pouvons vous proposer des excursions \u00e0 la journ\u00e9e ou \u00e0 la \u00bd journ\u00e9e \u00e0 partir de Marrakech ou des visites de la ville.<\/p>\n","protected":false},"excerpt":{"rendered":"<p>Repas\u00a0et bar : Dans la journ\u00e9e, vous pourrez prendre un th\u00e9 \u00e0 la menthe ou prendre un rafra\u00eechissement dans le patio, dans un des salons ou sur la terrasse. Le soir, quel plaisir de pouvoir d\u00eener aux chandelles, soit sur la grande terrasse illumin\u00e9e, soit dans la salle \u00e0 manger, soit au bord de la [&hellip;]<\/p>\n","protected":false},"author":1,"featured_media":0,"parent":0,"menu_order":0,"comment_status":"closed","ping_status":"closed","template":"","meta":{"_regular_price":[],"currency_symbol":[],"footnotes":""},"class_list":["post-80","page","type-page","status-publish","hentry"],"post_slider_layout_featured_media_urls":{"thumbnail":"","post_slider_layout_landscape_large":"","post_slider_layout_portrait_large":"","post_slider_layout_square_large":"","post_slider_layout_landscape":"","post_slider_layout_portrait":"","post_slider_layout_square":"","full":""},"rttpg_featured_image_url":null,"rttpg_author":{"display_name":"mohamed","author_link":"https:\/\/www.riad-irene.com\/?author=1"},"rttpg_comment":0,"rttpg_category":" <a href=\"https:\/\/www.riad-irene.com\/\" rel=\"tag\">Fran\u00e7ais<\/a>","rttpg_excerpt":"Repas\u00a0et bar : Dans la journ\u00e9e, vous pourrez prendre un th\u00e9 \u00e0 la menthe ou prendre un rafra\u00eechissement dans le patio, dans un des salons ou sur la terrasse. Le soir, quel plaisir de pouvoir d\u00eener aux chandelles, soit sur la grande terrasse illumin\u00e9e, soit dans la salle \u00e0 manger, soit au bord de la\u2026","_links":{"self":[{"href":"https:\/\/www.riad-irene.com\/index.php?rest_route=\/wp\/v2\/pages\/80","targetHints":{"allow":["GET"]}}],"collection":[{"href":"https:\/\/www.riad-irene.com\/index.php?rest_route=\/wp\/v2\/pages"}],"about":[{"href":"https:\/\/www.riad-irene.com\/index.php?rest_route=\/wp\/v2\/types\/page"}],"author":[{"embeddable":true,"href":"https:\/\/www.riad-irene.com\/index.php?rest_route=\/wp\/v2\/users\/1"}],"replies":[{"embeddable":true,"href":"https:\/\/www.riad-irene.com\/index.php?rest_route=%2Fwp%2Fv2%2Fcomments&post=80"}],"version-history":[{"count":6,"href":"https:\/\/www.riad-irene.com\/index.php?rest_route=\/wp\/v2\/pages\/80\/revisions"}],"predecessor-version":[{"id":1202,"href":"https:\/\/www.riad-irene.com\/index.php?rest_route=\/wp\/v2\/pages\/80\/revisions\/1202"}],"wp:attachment":[{"href":"https:\/\/www.riad-irene.com\/index.php?rest_route=%2Fwp%2Fv2%2Fmedia&parent=80"}],"curies":[{"name":"wp","href":"https:\/\/api.w.org\/{rel}","templated":true}]}}