{"id":82,"date":"2016-06-27T10:31:40","date_gmt":"2016-06-27T09:31:40","guid":{"rendered":"https:\/\/www.riad-irene.com\/?page_id=82"},"modified":"2025-11-15T16:36:48","modified_gmt":"2025-11-15T15:36:48","slug":"tarifs","status":"publish","type":"page","link":"https:\/\/www.riad-irene.com\/?page_id=82","title":{"rendered":"Tarifs"},"content":{"rendered":"<div id=\"text3\" style=\"float: right; margin-top: 40px;\">\n<table border=\"1\" width=\"346\">\n<tbody>\n<tr>\n<td colspan=\"2\">Ces prix comprennent :<\/td>\n<\/tr>\n<tr>\n<td class=\"trcolor\">Petit d\u00e9jeuner pour 2 personnes<\/td>\n<\/tr>\n<tr>\n<td colspan=\"2\">Th\u00e9 \u00e0 la menthe de bienvenue<\/td>\n<\/tr>\n<tr>\n<td class=\"trcolor\">Wifi gratuit dans les chambres et les salons<\/td>\n<\/tr>\n<\/tbody>\n<\/table>\n<p>&nbsp;<\/p>\n<table border=\"1\" width=\"346\">\n<tbody>\n<tr>\n<td colspan=\"2\">Ces prix ne comprennent pas :<\/td>\n<\/tr>\n<tr>\n<td class=\"trcolor\">Taxes de s\u00e9jour et touristique : 25,30 dirhams (environ 2,30 \u20ac) \/personne\/nuit<\/td>\n<\/tr>\n<tr>\n<td colspan=\"2\">Transfert a\u00e9roport : 140 dirhams (environ 13 \u20ac) pour 2 personnes (150 dirhams \u00e0 partir de 20 h)<\/td>\n<\/tr>\n<\/tbody>\n<\/table>\n<p>&nbsp;<\/p>\n<table border=\"1\" width=\"346\">\n<tbody>\n<tr>\n<td colspan=\"2\">Conditions g\u00e9n\u00e9rales d&rsquo;occupation :<\/td>\n<\/tr>\n<tr>\n<td class=\"trcolor\" colspan=\"2\">Animaux interdits<\/td>\n<\/tr>\n<tr>\n<td colspan=\"2\">Espace non fumeurs dans les chambres et les salons (espace fumeurs sur la terrasse)<\/td>\n<\/tr>\n<tr>\n<td class=\"trcolor\">arriv\u00e9e entre 14:00 et 22:00 ; d\u00e9part avant midi.<\/td>\n<\/tr>\n<\/tbody>\n<\/table>\n<p><img decoding=\"async\" style=\"margin-left: 6px;\" src=\"https:\/\/www.riad-irene.com\/wp-content\/uploads\/2015\/05\/kech_tar.gif\" alt=\"\" width=\"343\" \/><\/p>\n<\/div>\n<div id=\"diapo1\">\n<p><strong>Prix par chambre ou suite en \u20ac (tarifs 2026)<\/strong><\/p>\n<table border=\"1\" width=\"520\">\n<tbody>\n<tr>\n<td>CHAMBRES (toutes climatis\u00e9es)<\/td>\n<td>\n<div align=\"center\">basse saison<\/div>\n<\/td>\n<td>\n<div align=\"center\">haute saison<\/div>\n<\/td>\n<td>\n<div align=\"center\">fin d\u2019ann\u00e9e<\/div>\n<\/td>\n<\/tr>\n<tr>\n<td class=\"trcolor\" colspan=\"4\">Prix par chambre ou suite en \u20ac (tarifs 2026)<\/td>\n<\/tr>\n<tr>\n<td>Essaouira<\/td>\n<td class=\"centre\" style=\"text-align: center;\">75 \u20ac<\/td>\n<td class=\"centre\" style=\"text-align: center;\">90 \u20ac<\/td>\n<td class=\"centre\" style=\"text-align: center;\">110 \u20ac<\/td>\n<\/tr>\n<tr>\n<td class=\"trcolor\">Ouarzazate (suite) (*)<\/td>\n<td class=\"centre2\" style=\"text-align: center;\">75 \u20ac<\/td>\n<td class=\"centre2\" style=\"text-align: center;\">90 \u20ac<\/td>\n<td class=\"centre2\" style=\"text-align: center;\">110 \u20ac<\/td>\n<\/tr>\n<tr>\n<td>Zagora (chambre sup\u00e9rieure)<\/td>\n<td class=\"centre\" style=\"text-align: center;\">65 \u20ac<\/td>\n<td class=\"centre\" style=\"text-align: center;\">80 \u20ac<\/td>\n<td class=\"centre\" style=\"text-align: center;\">95 \u20ac<\/td>\n<\/tr>\n<tr>\n<td class=\"trcolor\">Marrakech (chambre standard)<\/td>\n<td class=\"centre2\" style=\"text-align: center;\">60 \u20ac<\/td>\n<td class=\"centre2\" style=\"text-align: center;\">75 \u20ac<\/td>\n<td class=\"centre2\" style=\"text-align: center;\">90 \u20ac<\/td>\n<\/tr>\n<tr>\n<td>Tan-Tan (chambre standard)<\/td>\n<td class=\"centre\" style=\"text-align: center;\">50 \u20ac<\/td>\n<td class=\"centre\" style=\"text-align: center;\">60 \u20ac<\/td>\n<td class=\"centre\" style=\"text-align: center;\">70 \u20ac<\/td>\n<\/tr>\n<tr>\n<td class=\"trcolor\">(*) suppl\u00e9ment 3\u00e8me personne (dans Suite Ouarzazate uniquement)<\/td>\n<td class=\"centre2\" style=\"text-align: center;\">25 \u20ac<\/td>\n<td class=\"centre2\" style=\"text-align: center;\">25 \u20ac<\/td>\n<td class=\"centre2\" style=\"text-align: center;\">25 \u20ac<\/td>\n<\/tr>\n<tr>\n<td>D\u00eener sur demande<br \/>\nCuisine marocaine<br \/>\nprix par personne (boissons non comprises) : \u00e0 demander la veille ou le matin<\/td>\n<td class=\"centre\" style=\"text-align: center;\">18 ou 21 \u20ac<\/td>\n<td class=\"centre\" style=\"text-align: center;\">18 ou 21 \u20ac<\/td>\n<td class=\"centre\" style=\"text-align: center;\">18 ou 21 \u20ac<\/td>\n<\/tr>\n<tr>\n<td class=\"trcolor\" colspan=\"4\"><\/td>\n<\/tr>\n<tr>\n<td colspan=\"1\">Basse saison :<\/td>\n<td colspan=\"3\">Haute saison :<\/td>\n<\/tr>\n<tr>\n<td class=\"trcolor\" colspan=\"1\">du 1er juillet au 31 aout 2026<\/td>\n<td class=\"trcolor\" colspan=\"3\">jusqu&rsquo;au 19 d\u00e9c. 2025<\/td>\n<\/tr>\n<tr>\n<td colspan=\"1\"><\/td>\n<td colspan=\"3\">du 7 janvier au 30 juin 2026<\/td>\n<\/tr>\n<tr>\n<td class=\"trcolor\"><\/td>\n<td class=\"trcolor\" colspan=\"3\">du 1er sept. au 18 d\u00e9c. 2026<\/td>\n<\/tr>\n<tr>\n<td colspan=\"4\">Fin d\u2019ann\u00e9e :<\/td>\n<\/tr>\n<tr>\n<td class=\"trcolor\" colspan=\"4\">du 20 d\u00e9cembre 2025 au 6 janvier 2026<\/td>\n<\/tr>\n<\/tbody>\n<\/table>\n<\/div>\n","protected":false},"excerpt":{"rendered":"<p>Ces prix comprennent : Petit d\u00e9jeuner pour 2 personnes Th\u00e9 \u00e0 la menthe de bienvenue Wifi gratuit dans les chambres et les salons &nbsp; Ces prix ne comprennent pas : Taxes de s\u00e9jour et touristique : 25,30 dirhams (environ 2,30 \u20ac) \/personne\/nuit Transfert a\u00e9roport : 140 dirhams (environ 13 \u20ac) pour 2 personnes (150 dirhams [&hellip;]<\/p>\n","protected":false},"author":1,"featured_media":0,"parent":0,"menu_order":0,"comment_status":"closed","ping_status":"closed","template":"","meta":{"_regular_price":[],"currency_symbol":[],"footnotes":""},"class_list":["post-82","page","type-page","status-publish","hentry"],"post_slider_layout_featured_media_urls":{"thumbnail":"","post_slider_layout_landscape_large":"","post_slider_layout_portrait_large":"","post_slider_layout_square_large":"","post_slider_layout_landscape":"","post_slider_layout_portrait":"","post_slider_layout_square":"","full":""},"rttpg_featured_image_url":null,"rttpg_author":{"display_name":"mohamed","author_link":"https:\/\/www.riad-irene.com\/?author=1"},"rttpg_comment":0,"rttpg_category":" <a href=\"https:\/\/www.riad-irene.com\/\" rel=\"tag\">Fran\u00e7ais<\/a>","rttpg_excerpt":"Ces prix comprennent : Petit d\u00e9jeuner pour 2 personnes Th\u00e9 \u00e0 la menthe de bienvenue Wifi gratuit dans les chambres et les salons &nbsp; Ces prix ne comprennent pas : Taxes de s\u00e9jour et touristique : 25,30 dirhams (environ 2,30 \u20ac) \/personne\/nuit Transfert a\u00e9roport : 140 dirhams (environ 13 \u20ac) pour 2 personnes (150 dirhams\u2026","_links":{"self":[{"href":"https:\/\/www.riad-irene.com\/index.php?rest_route=\/wp\/v2\/pages\/82","targetHints":{"allow":["GET"]}}],"collection":[{"href":"https:\/\/www.riad-irene.com\/index.php?rest_route=\/wp\/v2\/pages"}],"about":[{"href":"https:\/\/www.riad-irene.com\/index.php?rest_route=\/wp\/v2\/types\/page"}],"author":[{"embeddable":true,"href":"https:\/\/www.riad-irene.com\/index.php?rest_route=\/wp\/v2\/users\/1"}],"replies":[{"embeddable":true,"href":"https:\/\/www.riad-irene.com\/index.php?rest_route=%2Fwp%2Fv2%2Fcomments&post=82"}],"version-history":[{"count":20,"href":"https:\/\/www.riad-irene.com\/index.php?rest_route=\/wp\/v2\/pages\/82\/revisions"}],"predecessor-version":[{"id":1226,"href":"https:\/\/www.riad-irene.com\/index.php?rest_route=\/wp\/v2\/pages\/82\/revisions\/1226"}],"wp:attachment":[{"href":"https:\/\/www.riad-irene.com\/index.php?rest_route=%2Fwp%2Fv2%2Fmedia&parent=82"}],"curies":[{"name":"wp","href":"https:\/\/api.w.org\/{rel}","templated":true}]}}