{"id":87,"date":"2015-05-12T16:00:15","date_gmt":"2015-05-08T10:47:39","guid":{"rendered":"https:\/\/www.riad-irene.com\/?page_id=87"},"modified":"2021-10-19T13:27:03","modified_gmt":"2021-10-19T11:27:03","slug":"plan-dacces","status":"publish","type":"page","link":"https:\/\/www.riad-irene.com\/?page_id=87","title":{"rendered":"Plan d&rsquo;acces"},"content":{"rendered":"<p>Situ\u00e9 \u00e0 2 minutes \u00e0 pied des remparts, donc facilement accessible en voiture (parking) par la porte Bab El Arset Ben Brahim. Vous pourrez vous y faire d\u00e9poser en taxi. De l\u00e0, vous serez accompagn\u00e9s par notre personnel.<br \/>\nSi vous arrivez par bus, nous viendrons vous chercher \u00e0 la gare routi\u00e8re, situ\u00e9e \u00e0 proximit\u00e9.\u00a0 Si vous arrivez par avion ou par train ou par bus CTM ou SupraTours, nous organisons le transfert depuis l\u2019a\u00e9roport ou la gare ou le terminal bus CTM ou SupraTours afin de faciliter votre arriv\u00e9e au riad.<\/p>\n<p><a href=\"https:\/\/www.riad-irene.com\/wp-content\/uploads\/2015\/05\/plan-acces.gif\"><img decoding=\"async\" class=\"size-medium wp-image-88 aligncenter\" src=\"https:\/\/www.riad-irene.com\/wp-content\/uploads\/2015\/05\/plan-acces.gif\" alt=\"plan-acces\" \/><\/a><\/p>\n","protected":false},"excerpt":{"rendered":"<p>Situ\u00e9 \u00e0 2 minutes \u00e0 pied des remparts, donc facilement accessible en voiture (parking) par la porte Bab El Arset Ben Brahim. Vous pourrez vous y faire d\u00e9poser en taxi. De l\u00e0, vous serez accompagn\u00e9s par notre personnel. Si vous arrivez par bus, nous viendrons vous chercher \u00e0 la gare routi\u00e8re, situ\u00e9e \u00e0 proximit\u00e9.\u00a0 Si [&hellip;]<\/p>\n","protected":false},"author":1,"featured_media":0,"parent":0,"menu_order":0,"comment_status":"closed","ping_status":"closed","template":"","meta":{"_regular_price":[],"currency_symbol":[],"footnotes":""},"class_list":["post-87","page","type-page","status-publish","hentry"],"post_slider_layout_featured_media_urls":{"thumbnail":"","post_slider_layout_landscape_large":"","post_slider_layout_portrait_large":"","post_slider_layout_square_large":"","post_slider_layout_landscape":"","post_slider_layout_portrait":"","post_slider_layout_square":"","full":""},"rttpg_featured_image_url":null,"rttpg_author":{"display_name":"mohamed","author_link":"https:\/\/www.riad-irene.com\/?author=1"},"rttpg_comment":0,"rttpg_category":" <a href=\"https:\/\/www.riad-irene.com\/\" rel=\"tag\">Fran\u00e7ais<\/a>","rttpg_excerpt":"Situ\u00e9 \u00e0 2 minutes \u00e0 pied des remparts, donc facilement accessible en voiture (parking) par la porte Bab El Arset Ben Brahim. Vous pourrez vous y faire d\u00e9poser en taxi. De l\u00e0, vous serez accompagn\u00e9s par notre personnel. Si vous arrivez par bus, nous viendrons vous chercher \u00e0 la gare routi\u00e8re, situ\u00e9e \u00e0 proximit\u00e9.\u00a0 Si\u2026","_links":{"self":[{"href":"https:\/\/www.riad-irene.com\/index.php?rest_route=\/wp\/v2\/pages\/87","targetHints":{"allow":["GET"]}}],"collection":[{"href":"https:\/\/www.riad-irene.com\/index.php?rest_route=\/wp\/v2\/pages"}],"about":[{"href":"https:\/\/www.riad-irene.com\/index.php?rest_route=\/wp\/v2\/types\/page"}],"author":[{"embeddable":true,"href":"https:\/\/www.riad-irene.com\/index.php?rest_route=\/wp\/v2\/users\/1"}],"replies":[{"embeddable":true,"href":"https:\/\/www.riad-irene.com\/index.php?rest_route=%2Fwp%2Fv2%2Fcomments&post=87"}],"version-history":[{"count":10,"href":"https:\/\/www.riad-irene.com\/index.php?rest_route=\/wp\/v2\/pages\/87\/revisions"}],"predecessor-version":[{"id":1119,"href":"https:\/\/www.riad-irene.com\/index.php?rest_route=\/wp\/v2\/pages\/87\/revisions\/1119"}],"wp:attachment":[{"href":"https:\/\/www.riad-irene.com\/index.php?rest_route=%2Fwp%2Fv2%2Fmedia&parent=87"}],"curies":[{"name":"wp","href":"https:\/\/api.w.org\/{rel}","templated":true}]}}